{"id":13,"date":"2020-07-02T17:00:29","date_gmt":"2020-07-02T17:00:29","guid":{"rendered":"http:\/\/albanogueras.cat\/?page_id=13"},"modified":"2026-03-12T09:30:50","modified_gmt":"2026-03-12T09:30:50","slug":"sobre-mi","status":"publish","type":"page","link":"https:\/\/albanogueras.cat\/?page_id=13","title":{"rendered":"Sobre mi"},"content":{"rendered":"<p>Granollerina del 95 i mel\u00f2mana lletraferida. Vaig cursar el<strong> Grau en Estudis Literaris<\/strong> (2018, UB) perqu\u00e8 m\u2019agradava estar envoltada de llibres i all\u00e0 vaig entendre que es pot llegir de moltes maneres diferents. M\u00e9s tard, vaig estudiar el <strong>M\u00e0ster de M\u00fasica com a Art Interdisciplinari<\/strong> (2021, UB-URV-ESMUC) perqu\u00e8, si alguna cosa tenia clara, era que el meu lloc es trobava entre les notes i les paraules. Totes les investigacions que vaig realitzar durant aquells anys van estar dirigides a entendre les diferents relacions que mantenen aquestes dues disciplines art\u00edstiques.<\/p>\n<p>Vaig fer pr\u00e0ctiques al <strong>Teatre Nacional de Catalunya<\/strong> i vaig col\u00b7laborar en diferents projectes audiovisuals mentre cursava els estudis. Vaig treballar en l&#8217;administraci\u00f3 i la gesti\u00f3 de formacions musicals a la <strong>Societat Coral Amics de la Uni\u00f3<\/strong> del 2016 al 2021, vaig formar part de l\u2019equip de la revista digital <strong>Barcelona Cl\u00e0ssica<\/strong> i <strong>N\u00favol<\/strong> des del 2018 fins el 2020, i l&#8217;any 2021 vaig publicar el llibre d\u2019entrevistes &#8220;Un espai al pentagrama&#8221; (FICTA).<\/p>\n<p>Durant cinc anys vaig exercir de periodista cultural i cr\u00edtica musical a <strong>N\u00favol, el digital de cultura<\/strong>, on coordinava la secci\u00f3 de m\u00fasica cl\u00e0ssica &#8220;Castafiore&#8221;. Llavors tamb\u00e9 col\u00b7laborava a la tert\u00falia de <strong>Catalunya M\u00fasica<\/strong> &#8220;M\u00fasiques Empoderades&#8221;, escrivia i presentava el programa de la <strong>Xarxa de Televisions Locals<\/strong> &#8220;Notes al Marge&#8221; i entrevistava compositors de cl\u00e0ssica contempor\u00e0nia al podcast &#8220;Un espai al pentagrama&#8221; (<strong>FICTA <\/strong>i <strong>R\u00e0dio Granollers<\/strong>). Finalment, tamb\u00e9 treballava en la redacci\u00f3 de continguts i notes de premsa per a diferents entitats culturals.<\/p>\n<p>Actualment, i des de l\u2019abril del 2024, treballo per a la <strong>Fundaci\u00f3 Centre Internacional de M\u00fasica Antiga (CIMA)<\/strong> en la coordinaci\u00f3, gesti\u00f3 administrativa i redacci\u00f3 de continguts pel <strong>Festival Jordi Savall<\/strong>.<\/p>\n\n\n<div class=\"wp-block-file\"><a id=\"wp-block-file--media-86901388-6ce0-4cd2-98c2-f37ca1b490c8\" href=\"https:\/\/albanogueras.cat\/wp-content\/uploads\/2026\/03\/CV-marc-2026-2.pdf\">El meu CV (03\/2026)<\/a><\/div>\n\n\n\n<div style=\"height:50px\" aria-hidden=\"true\" class=\"wp-block-spacer\"><\/div>\n\n\n\n<figure class=\"wp-block-image size-large\"><img loading=\"lazy\" decoding=\"async\" width=\"1024\" height=\"683\" src=\"https:\/\/albanogueras.cat\/wp-content\/uploads\/2023\/07\/Alba-Nogueras-\u00a9Laia-Nogueras-1024x683.jpg\" alt=\"\" class=\"wp-image-211\" srcset=\"https:\/\/albanogueras.cat\/wp-content\/uploads\/2023\/07\/Alba-Nogueras-\u00a9Laia-Nogueras-1024x683.jpg 1024w, https:\/\/albanogueras.cat\/wp-content\/uploads\/2023\/07\/Alba-Nogueras-\u00a9Laia-Nogueras-300x200.jpg 300w, https:\/\/albanogueras.cat\/wp-content\/uploads\/2023\/07\/Alba-Nogueras-\u00a9Laia-Nogueras-768x512.jpg 768w, https:\/\/albanogueras.cat\/wp-content\/uploads\/2023\/07\/Alba-Nogueras-\u00a9Laia-Nogueras-1536x1024.jpg 1536w, https:\/\/albanogueras.cat\/wp-content\/uploads\/2023\/07\/Alba-Nogueras-\u00a9Laia-Nogueras-2048x1365.jpg 2048w\" sizes=\"auto, (max-width: 706px) 89vw, (max-width: 767px) 82vw, 740px\" \/><figcaption class=\"wp-element-caption\">Alba Nogueras Jan\u00e9 \u00a9Laia Nogueras Alonso<\/figcaption><\/figure>\n","protected":false},"excerpt":{"rendered":"<p>Granollerina del 95 i mel\u00f2mana lletraferida. Vaig cursar el Grau en Estudis Literaris (2018, UB) perqu\u00e8 m\u2019agradava estar envoltada de llibres i all\u00e0 vaig entendre que es pot llegir de moltes maneres diferents. M\u00e9s tard, vaig estudiar el M\u00e0ster de M\u00fasica com a Art Interdisciplinari (2021, UB-URV-ESMUC) perqu\u00e8, si alguna cosa tenia clara, era que &hellip; <\/p>\n<p class=\"link-more\"><a href=\"https:\/\/albanogueras.cat\/?page_id=13\" class=\"more-link\">Continua llegint <span class=\"screen-reader-text\">\u00abSobre mi\u00bb<\/span><\/a><\/p>\n","protected":false},"author":1,"featured_media":0,"parent":0,"menu_order":0,"comment_status":"closed","ping_status":"closed","template":"","meta":{"footnotes":""},"class_list":["post-13","page","type-page","status-publish","hentry"],"_links":{"self":[{"href":"https:\/\/albanogueras.cat\/index.php?rest_route=\/wp\/v2\/pages\/13","targetHints":{"allow":["GET"]}}],"collection":[{"href":"https:\/\/albanogueras.cat\/index.php?rest_route=\/wp\/v2\/pages"}],"about":[{"href":"https:\/\/albanogueras.cat\/index.php?rest_route=\/wp\/v2\/types\/page"}],"author":[{"embeddable":true,"href":"https:\/\/albanogueras.cat\/index.php?rest_route=\/wp\/v2\/users\/1"}],"replies":[{"embeddable":true,"href":"https:\/\/albanogueras.cat\/index.php?rest_route=%2Fwp%2Fv2%2Fcomments&post=13"}],"version-history":[{"count":8,"href":"https:\/\/albanogueras.cat\/index.php?rest_route=\/wp\/v2\/pages\/13\/revisions"}],"predecessor-version":[{"id":424,"href":"https:\/\/albanogueras.cat\/index.php?rest_route=\/wp\/v2\/pages\/13\/revisions\/424"}],"wp:attachment":[{"href":"https:\/\/albanogueras.cat\/index.php?rest_route=%2Fwp%2Fv2%2Fmedia&parent=13"}],"curies":[{"name":"wp","href":"https:\/\/api.w.org\/{rel}","templated":true}]}}