{"id":386,"date":"2026-03-04T09:39:05","date_gmt":"2026-03-04T09:39:05","guid":{"rendered":"https:\/\/albanogueras.cat\/?page_id=386"},"modified":"2026-03-04T11:03:28","modified_gmt":"2026-03-04T11:03:28","slug":"sobre-la-feina-que-faig","status":"publish","type":"page","link":"https:\/\/albanogueras.cat\/?page_id=386","title":{"rendered":"Sobre la feina que faig"},"content":{"rendered":"\n<p>Actualment, i des de l&#8217;abril del 2024, treballo per a la <a href=\"https:\/\/jordisavall.com\/\">Fundaci\u00f3 Centre Internacional de M\u00fasica Antiga (CIMA)<\/a> en la coordinaci\u00f3, gesti\u00f3 administrativa i redacci\u00f3 de continguts pel <a href=\"https:\/\/festival.jordisavall.com\/\">Festival Jordi Savall<\/a>. El festival, fundat pel reconegut int\u00e8rpret i director igualad\u00ed, ha esdevingut una de les cites musicals m\u00e9s singulars d\u2019Europa, imprescindible tant pel p\u00fablic local com l&#8217;internacional. Es tracta d&#8217;un espai de trobada per a la m\u00fasica, l\u2019art i el pensament enmig de paratges naturals i hist\u00f2rics de gran bellesa: el Reial Monestir de Santes Creus, les ciutats de Valls i de Montblanc i el Convent de les Arts d\u2019Alcover.<\/p>\n\n\n\n<p>Amb el perfil h\u00edbrid que em caracteritza, assumeixo tasques de suport i assist\u00e8ncia a la coordinaci\u00f3 general del festival, capitanejada per Mart\u00ed Sancliment. Faig feines relacionades amb el protocol, el recull i tractament de dades i l&#8217;elaboraci\u00f3 de mem\u00f2ries, dossiers i documentaci\u00f3 per a projectes. Tamb\u00e9 m&#8217;encarrego de la redacci\u00f3 de continguts, la recopilaci\u00f3 d&#8217;informaci\u00f3 i la traducci\u00f3 de textos; aix\u00ed com el tracte amb dissenyadors, anunciants i artistes per als programes de m\u00e0. Finalment, ofereixo suport a aquelles \u00e0rees que ho necessitin, assumint tasques de comunicaci\u00f3, divulgaci\u00f3 i atenci\u00f3 al p\u00fablic, entre d&#8217;altres.<\/p>\n\n\n\n<div class=\"wp-block-columns is-layout-flex wp-container-core-columns-is-layout-9d6595d7 wp-block-columns-is-layout-flex\">\n<div class=\"wp-block-column is-layout-flow wp-block-column-is-layout-flow\">\n<figure class=\"wp-block-image size-large\"><img loading=\"lazy\" decoding=\"async\" width=\"818\" height=\"546\" src=\"https:\/\/albanogueras.cat\/wp-content\/uploads\/2026\/03\/Punt-info-FJS-2024-edited.png\" alt=\"\" class=\"wp-image-412\" srcset=\"https:\/\/albanogueras.cat\/wp-content\/uploads\/2026\/03\/Punt-info-FJS-2024-edited.png 818w, https:\/\/albanogueras.cat\/wp-content\/uploads\/2026\/03\/Punt-info-FJS-2024-edited-300x200.png 300w, https:\/\/albanogueras.cat\/wp-content\/uploads\/2026\/03\/Punt-info-FJS-2024-edited-768x513.png 768w\" sizes=\"auto, (max-width: 706px) 89vw, (max-width: 767px) 82vw, 740px\" \/><figcaption class=\"wp-element-caption\">Preparant el punt d&#8217;informaci\u00f3.<\/figcaption><\/figure>\n<\/div>\n\n\n\n<div class=\"wp-block-column is-layout-flow wp-block-column-is-layout-flow\">\n<figure class=\"wp-block-image size-full\"><img loading=\"lazy\" decoding=\"async\" width=\"642\" height=\"428\" src=\"https:\/\/albanogueras.cat\/wp-content\/uploads\/2026\/03\/Venda-entrades-FJS-2025-edited.png\" alt=\"\" class=\"wp-image-413\" srcset=\"https:\/\/albanogueras.cat\/wp-content\/uploads\/2026\/03\/Venda-entrades-FJS-2025-edited.png 642w, https:\/\/albanogueras.cat\/wp-content\/uploads\/2026\/03\/Venda-entrades-FJS-2025-edited-300x200.png 300w\" sizes=\"auto, (max-width: 642px) 100vw, 642px\" \/><figcaption class=\"wp-element-caption\">A la venda d&#8217;entrades.<\/figcaption><\/figure>\n<\/div>\n\n\n\n<div class=\"wp-block-column is-layout-flow wp-block-column-is-layout-flow\">\n<figure class=\"wp-block-image size-large\"><img loading=\"lazy\" decoding=\"async\" width=\"1176\" height=\"784\" src=\"https:\/\/albanogueras.cat\/wp-content\/uploads\/2026\/03\/Foto-equip-FJS-2024-edited.png\" alt=\"\" class=\"wp-image-414\" srcset=\"https:\/\/albanogueras.cat\/wp-content\/uploads\/2026\/03\/Foto-equip-FJS-2024-edited.png 1176w, https:\/\/albanogueras.cat\/wp-content\/uploads\/2026\/03\/Foto-equip-FJS-2024-edited-300x200.png 300w, https:\/\/albanogueras.cat\/wp-content\/uploads\/2026\/03\/Foto-equip-FJS-2024-edited-1024x683.png 1024w, https:\/\/albanogueras.cat\/wp-content\/uploads\/2026\/03\/Foto-equip-FJS-2024-edited-768x512.png 768w\" sizes=\"auto, (max-width: 706px) 89vw, (max-width: 767px) 82vw, 740px\" \/><figcaption class=\"wp-element-caption\">Foto d&#8217;equip.<\/figcaption><\/figure>\n\n\n\n<p><\/p>\n<\/div>\n<\/div>\n\n\n\n<div class=\"wp-block-columns is-layout-flex wp-container-core-columns-is-layout-9d6595d7 wp-block-columns-is-layout-flex\">\n<div class=\"wp-block-column is-layout-flow wp-block-column-is-layout-flow\" style=\"flex-basis:100%\"><\/div>\n<\/div>\n\n\n\n<div class=\"wp-block-columns is-layout-flex wp-container-core-columns-is-layout-9d6595d7 wp-block-columns-is-layout-flex\">\n<div class=\"wp-block-column is-layout-flow wp-block-column-is-layout-flow\" style=\"flex-basis:100%\"><\/div>\n<\/div>\n\n\n\n<p><\/p>\n","protected":false},"excerpt":{"rendered":"<p>Actualment, i des de l&#8217;abril del 2024, treballo per a la Fundaci\u00f3 Centre Internacional de M\u00fasica Antiga (CIMA) en la coordinaci\u00f3, gesti\u00f3 administrativa i redacci\u00f3 de continguts pel Festival Jordi Savall. El festival, fundat pel reconegut int\u00e8rpret i director igualad\u00ed, ha esdevingut una de les cites musicals m\u00e9s singulars d\u2019Europa, imprescindible tant pel p\u00fablic local &hellip; <\/p>\n<p class=\"link-more\"><a href=\"https:\/\/albanogueras.cat\/?page_id=386\" class=\"more-link\">Continua llegint <span class=\"screen-reader-text\">\u00abSobre la feina que faig\u00bb<\/span><\/a><\/p>\n","protected":false},"author":1,"featured_media":0,"parent":0,"menu_order":0,"comment_status":"closed","ping_status":"closed","template":"","meta":{"footnotes":""},"class_list":["post-386","page","type-page","status-publish","hentry"],"_links":{"self":[{"href":"https:\/\/albanogueras.cat\/index.php?rest_route=\/wp\/v2\/pages\/386","targetHints":{"allow":["GET"]}}],"collection":[{"href":"https:\/\/albanogueras.cat\/index.php?rest_route=\/wp\/v2\/pages"}],"about":[{"href":"https:\/\/albanogueras.cat\/index.php?rest_route=\/wp\/v2\/types\/page"}],"author":[{"embeddable":true,"href":"https:\/\/albanogueras.cat\/index.php?rest_route=\/wp\/v2\/users\/1"}],"replies":[{"embeddable":true,"href":"https:\/\/albanogueras.cat\/index.php?rest_route=%2Fwp%2Fv2%2Fcomments&post=386"}],"version-history":[{"count":10,"href":"https:\/\/albanogueras.cat\/index.php?rest_route=\/wp\/v2\/pages\/386\/revisions"}],"predecessor-version":[{"id":415,"href":"https:\/\/albanogueras.cat\/index.php?rest_route=\/wp\/v2\/pages\/386\/revisions\/415"}],"wp:attachment":[{"href":"https:\/\/albanogueras.cat\/index.php?rest_route=%2Fwp%2Fv2%2Fmedia&parent=386"}],"curies":[{"name":"wp","href":"https:\/\/api.w.org\/{rel}","templated":true}]}}